{"id":81,"date":"2023-02-02T12:36:15","date_gmt":"2023-02-02T09:36:15","guid":{"rendered":"https:\/\/kastamonu2023.acnrg.com.tr\/?page_id=81"},"modified":"2023-04-19T00:02:05","modified_gmt":"2023-04-18T21:02:05","slug":"konaklama","status":"publish","type":"page","link":"https:\/\/kastamonu2023.acnrg.com.tr\/index.php\/konaklama\/","title":{"rendered":"KONAKLAMA"},"content":{"rendered":"<h4>Kastamonu \u00dcniversitesi Mevl\u00fct Beyribey Konukevi<\/h4>\n<p>Kastamonu \u00dcniversitesi, Kuzeykent Kamp\u00fcs\u00fc<\/p>\n<p>Tel: 0366 280 32 00<\/p>\n<p><b>(Rezervasyona kapanm\u0131\u015ft\u0131r)<\/b><\/p>\n<p><a href=\"https:\/\/beyribey.kastamonu.edu.tr\/index.php\" target=\"_blank\" rel=\"noopener\"><strong>Konukevi<\/strong><\/a><\/p>\n<h4><\/h4>\n<h4>Kastamonu \u00dcniversitesi Parlayan Y\u0131ld\u0131z Konukevi<\/h4>\n<p>Kastamonu \u00dcniversitesi, Kuzeykent Kamp\u00fcs\u00fc, Turizm Fak\u00fcltesi<\/p>\n<p>Tel: 0366 280 37 47<\/p>\n<p>&nbsp;<\/p>\n<h4>Kastamonu \u015eehit \u015eerifebac\u0131 \u00d6\u011fretmenevi\u00a0(Do\u011fa K\u00fclt\u00fcr K\u00f6y\u00fc)<\/h4>\n<p>Tel 0366 212 02 66<\/p>\n<p>Budam\u0131\u015f Mahallesi, Do\u011fa K\u00fclt\u00fcr K\u00f6y\u00fc, Merkez \/ KASTAMONU<\/p>\n<p><a href=\"https:\/\/doga.serifebaciogretmenevi.com.tr\/\">https:\/\/doga.serifebaciogretmenevi.com.tr\/<\/a><\/p>\n<p><b>(Rezervasyona kapanm\u0131\u015ft\u0131r)<\/b><\/p>\n<h4><\/h4>\n<h4>Kastamonu \u015eehit \u015eerifebac\u0131 \u00d6\u011fretmenevi\u00a0(\u015eehir Merkezi)<\/h4>\n<p>Tel: 0366 214 64 40<\/p>\n<p>\u0130n\u00f6n\u00fc, \u00d6\u011fretmenevi Caddesi, No:10, Kastamonu Merkez<\/p>\n<p><a href=\"https:\/\/serifebaciogretmenevi.com.tr\/\">https:\/\/serifebaciogretmenevi.com.tr\/<\/a><\/p>\n<p>&nbsp;<\/p>\n<h4>Kastamonu Polis Evi<\/h4>\n<p>Sara\u00e7lar Mahallesi Huzurevi Caddesi Nu: 50 \/ 37200 KASTAMONU<\/p>\n<p>Tel: 0366 212 05 66<\/p>\n<p>Cep Telefon:+90 505 318 37 03<\/p>\n<p>&nbsp;<\/p>\n<h4>Park Dedeman Kastamonu<\/h4>\n<p>\u0130stanbul Yolu 4 37100 Kastamonu,<\/p>\n<p>Tel; 0850 283 29 29<\/p>\n<p>Web sayfas\u0131; <a href=\"https:\/\/www.dedeman.com\/oteller\/park-dedeman-kastamonu\">https:\/\/www.dedeman.com\/oteller\/park-dedeman-kastamonu<\/a><\/p>\n","protected":false},"excerpt":{"rendered":"<p>Kastamonu \u00dcniversitesi Mevl\u00fct Beyribey Konukevi Kastamonu \u00dcniversitesi, Kuzeykent Kamp\u00fcs\u00fc Tel: 0366 280 32 00 (Rezervasyona kapanm\u0131\u015ft\u0131r) Konukevi Kastamonu \u00dcniversitesi Parlayan Y\u0131ld\u0131z Konukevi Kastamonu \u00dcniversitesi, Kuzeykent Kamp\u00fcs\u00fc, Turizm Fak\u00fcltesi Tel: 0366 280 37 47 &nbsp; Kastamonu \u015eehit \u015eerifebac\u0131 \u00d6\u011fretmenevi\u00a0(Do\u011fa K\u00fclt\u00fcr K\u00f6y\u00fc)<\/p>\n","protected":false},"author":1,"featured_media":0,"parent":0,"menu_order":0,"comment_status":"closed","ping_status":"closed","template":"","meta":{"footnotes":""},"class_list":["post-81","page","type-page","status-publish","hentry"],"_links":{"self":[{"href":"https:\/\/kastamonu2023.acnrg.com.tr\/index.php\/wp-json\/wp\/v2\/pages\/81","targetHints":{"allow":["GET"]}}],"collection":[{"href":"https:\/\/kastamonu2023.acnrg.com.tr\/index.php\/wp-json\/wp\/v2\/pages"}],"about":[{"href":"https:\/\/kastamonu2023.acnrg.com.tr\/index.php\/wp-json\/wp\/v2\/types\/page"}],"author":[{"embeddable":true,"href":"https:\/\/kastamonu2023.acnrg.com.tr\/index.php\/wp-json\/wp\/v2\/users\/1"}],"replies":[{"embeddable":true,"href":"https:\/\/kastamonu2023.acnrg.com.tr\/index.php\/wp-json\/wp\/v2\/comments?post=81"}],"version-history":[{"count":20,"href":"https:\/\/kastamonu2023.acnrg.com.tr\/index.php\/wp-json\/wp\/v2\/pages\/81\/revisions"}],"predecessor-version":[{"id":451,"href":"https:\/\/kastamonu2023.acnrg.com.tr\/index.php\/wp-json\/wp\/v2\/pages\/81\/revisions\/451"}],"wp:attachment":[{"href":"https:\/\/kastamonu2023.acnrg.com.tr\/index.php\/wp-json\/wp\/v2\/media?parent=81"}],"curies":[{"name":"wp","href":"https:\/\/api.w.org\/{rel}","templated":true}]}}