{"id":75,"date":"2023-02-02T12:31:57","date_gmt":"2023-02-02T09:31:57","guid":{"rendered":"https:\/\/kastamonu2023.acnrg.com.tr\/?page_id=75"},"modified":"2023-03-30T17:44:46","modified_gmt":"2023-03-30T14:44:46","slug":"bilim-kurulu","status":"publish","type":"page","link":"https:\/\/kastamonu2023.acnrg.com.tr\/index.php\/bilim-kurulu\/","title":{"rendered":"B\u0130L\u0130M KURULU"},"content":{"rendered":"<p><strong>Prof. Dr. Ahmet HACIM\u00dcFT\u00dcO\u011eLU<\/strong><\/p>\n<p>Atat\u00fcrk \u00dcni. T\u0131p Fak\u00fcltesi, Farmakoloji Ana Bilim Dal\u0131, Erzurum.<\/p>\n<p>&nbsp;<\/p>\n<p><strong>Prof. Dr. Ayd\u0131n H\u0130M<\/strong><\/p>\n<p>Bolu Abant \u0130zzet Baysal \u00dcni. T\u0131p Fak\u00fcltesi, Fizyoloji Ana Bilim Dal\u0131, Bolu.<\/p>\n<p>&nbsp;<\/p>\n<p><strong>Prof. Dr. Bayram Ufuk \u015eAKUL<\/strong><\/p>\n<p>Medipol \u00dcni. T\u0131p Fak\u00fcltesi, Anatomi Ana Bilim Dal\u0131, \u0130stanbul.<\/p>\n<p>&nbsp;<\/p>\n<p><strong>Prof. Dr. Ender ERDO\u011eAN<\/strong><\/p>\n<p>Sel\u00e7uk \u00dcni. T\u0131p Fak\u00fcltesi, Histoloji-Embriyoloji Ana Bilim Dal\u0131, Konya.<\/p>\n<p>&nbsp;<\/p>\n<p><strong>Prof. Dr. G\u00fcrkan \u00d6ZT\u00dcRK<\/strong><\/p>\n<p>Medipol \u00dcni. T\u0131p Fak\u00fcltesi, Fizyoloji Ana Bilim Dal\u0131, \u0130stanbul.<\/p>\n<p>&nbsp;<\/p>\n<p><strong>Prof. Dr. Mustafa NAZIRO\u011eLU<\/strong><\/p>\n<p>S\u00fcleyman Demirel \u00dcni. T\u0131p Fak\u00fcltesi, Biyofizik Ana Bilim Dal\u0131, Isparta.<\/p>\n<p>&nbsp;<\/p>\n<p><strong>Prof. Dr. Nureddin CENG\u0130Z<\/strong><\/p>\n<p>Band\u0131rma Onyedi Eyl\u00fcl \u00dcni. T\u0131p Fak\u00fcltesi, Histoloji-Embriyoloji Ana Bilim Dal\u0131, Bal\u0131kesir.<\/p>\n<p>&nbsp;<\/p>\n<p><strong>Prof. Dr. Ramazan BAL<\/strong><\/p>\n<p>Gaziantep \u00dcni. T\u0131p Fak\u00fcltesi, Fizyoloji Ana Bilim Dal\u0131, Gaziantep.<\/p>\n<p>&nbsp;<\/p>\n<p><strong>Prof. Dr. Servet KAVAK<\/strong><\/p>\n<p>\u0130zmir Bak\u0131r\u00e7ay \u00dcni. T\u0131p Fak\u00fcltesi, Biyofizik Ana Bilim Dal\u0131, \u0130zmir.<\/p>\n<p>&nbsp;<\/p>\n<p><strong>Do\u00e7. Dr. \u00d6mer \u00c7EL\u0130K<\/strong><\/p>\n<p>S\u00fcleyman Demirel \u00dcni. T\u0131p Fak\u00fcltesi, Biyofizik Ana Bilim Dal\u0131, Isparta.<\/p>\n<p>&nbsp;<\/p>\n<p><strong>Do\u00e7. Dr. Ramazan \u00dcST\u00dcN<\/strong><\/p>\n<p>Y\u00fcz\u00fcnc\u00fc Y\u0131l \u00dcni. T\u0131p Fak\u00fcltesi, Fizyoloji Ana Bilim Dal\u0131, Van.<\/p>\n<p>&nbsp;<\/p>\n<p>S\u0131ralamada isim ve unvan dikkate al\u0131nm\u0131\u015ft\u0131r.<\/p>\n","protected":false},"excerpt":{"rendered":"<p>Prof. Dr. Ahmet HACIM\u00dcFT\u00dcO\u011eLU Atat\u00fcrk \u00dcni. T\u0131p Fak\u00fcltesi, Farmakoloji Ana Bilim Dal\u0131, Erzurum. &nbsp; Prof. Dr. Ayd\u0131n H\u0130M Bolu Abant \u0130zzet Baysal \u00dcni. T\u0131p Fak\u00fcltesi, Fizyoloji Ana Bilim Dal\u0131, Bolu. &nbsp; Prof. Dr. Bayram Ufuk \u015eAKUL Medipol \u00dcni. T\u0131p Fak\u00fcltesi,<\/p>\n","protected":false},"author":1,"featured_media":0,"parent":0,"menu_order":0,"comment_status":"closed","ping_status":"closed","template":"","meta":{"footnotes":""},"class_list":["post-75","page","type-page","status-publish","hentry"],"_links":{"self":[{"href":"https:\/\/kastamonu2023.acnrg.com.tr\/index.php\/wp-json\/wp\/v2\/pages\/75","targetHints":{"allow":["GET"]}}],"collection":[{"href":"https:\/\/kastamonu2023.acnrg.com.tr\/index.php\/wp-json\/wp\/v2\/pages"}],"about":[{"href":"https:\/\/kastamonu2023.acnrg.com.tr\/index.php\/wp-json\/wp\/v2\/types\/page"}],"author":[{"embeddable":true,"href":"https:\/\/kastamonu2023.acnrg.com.tr\/index.php\/wp-json\/wp\/v2\/users\/1"}],"replies":[{"embeddable":true,"href":"https:\/\/kastamonu2023.acnrg.com.tr\/index.php\/wp-json\/wp\/v2\/comments?post=75"}],"version-history":[{"count":8,"href":"https:\/\/kastamonu2023.acnrg.com.tr\/index.php\/wp-json\/wp\/v2\/pages\/75\/revisions"}],"predecessor-version":[{"id":309,"href":"https:\/\/kastamonu2023.acnrg.com.tr\/index.php\/wp-json\/wp\/v2\/pages\/75\/revisions\/309"}],"wp:attachment":[{"href":"https:\/\/kastamonu2023.acnrg.com.tr\/index.php\/wp-json\/wp\/v2\/media?parent=75"}],"curies":[{"name":"wp","href":"https:\/\/api.w.org\/{rel}","templated":true}]}}