{"id":295,"date":"2023-03-30T08:49:30","date_gmt":"2023-03-30T05:49:30","guid":{"rendered":"https:\/\/kastamonu2023.acnrg.com.tr\/?page_id=295"},"modified":"2023-05-02T19:23:53","modified_gmt":"2023-05-02T16:23:53","slug":"katilimci-listesi","status":"publish","type":"page","link":"https:\/\/kastamonu2023.acnrg.com.tr\/index.php\/katilimci-listesi\/","title":{"rendered":"\u00d6D\u00dcLLER"},"content":{"rendered":"<p><em>Poster ve S\u00f6zl\u00fc Sunum de\u011ferlendirme kurulu taraf\u0131ndan yap\u0131lacak de\u011ferlendirmede en iyi 1 (bir) postere \u00f6d\u00fcl verilecektir.*<\/em><\/p>\n<p><strong>POSTER SUNUM \u00d6D\u00dcLLER\u0130<\/strong><\/p>\n<p><strong>1 adet B\u0130R\u0130NC\u0130L\u0130K \u00f6d\u00fcl\u00fc<\/strong> (Sertifika ve Y\u00f6resel \u00fcr\u00fcnler )<\/p>\n<p>\u00d6d\u00fcl sertifikas\u0131 t\u00fcm yazarlar ad\u0131na, poster sunumunu ger\u00e7ekle\u015ftiren bilim insan\u0131na takdim edilecektir.<\/p>\n<p>\u00d6d\u00fcl Sertifikalar\u0131 kongre sonras\u0131 PDF format\u0131nda e-mail yoluyla iletilecektir.<\/p>\n<p>&nbsp;<\/p>\n<p><strong>S\u00d6ZL\u00dc SUNUM \u00d6D\u00dcLLER\u0130<\/strong><\/p>\n<p><em>Poster ve S\u00f6zl\u00fc Sunum de\u011ferlendirme kurulu taraf\u0131ndan yap\u0131lacak de\u011ferlendirmede en iyi 3 (\u00fc\u00e7) s\u00f6zl\u00fc sunum \u00f6d\u00fcl\u00fc verilecektir.*<\/em><\/p>\n<p><strong>1 adet B\u0130R\u0130NC\u0130L\u0130K \u00f6d\u00fcl\u00fc<\/strong> (Sertifika ve Y\u00f6resel \u00fcr\u00fcnler)<\/p>\n<p>1<strong> adet \u0130K\u0130NC\u0130L\u0130K \u00f6d\u00fcl\u00fc<\/strong> (Sertifika ve Y\u00f6resel \u00fcr\u00fcnler)<\/p>\n<p><strong>1 adet \u00dc\u00c7\u00dcNC\u00dcL\u00dcK \u00f6d\u00fcl\u00fc<\/strong> (Sertifika ve Y\u00f6resel \u00fcr\u00fcnler) verilecektir.<\/p>\n<p>\u00d6d\u00fcl sertifikas\u0131 t\u00fcm yazarlar ad\u0131na, s\u00f6zl\u00fc sunumunu ger\u00e7ekle\u015ftiren bilim insan\u0131na takdim edilecektir.<\/p>\n<p>\u00d6d\u00fcl Sertifikalar\u0131 kongre sonras\u0131 PDF format\u0131nda e-mail yoluyla iletilecektir.<\/p>\n<p><strong>\u00a0<\/strong><em>\u00d6d\u00fcller hakk\u0131nda gerekli de\u011fi\u015fiklikleri yapmak kongre organizasyon komitesinin yetkisindedir.<\/em><\/p>\n<p>&nbsp;<\/p>\n<p><strong>S\u00d6ZL\u00dc SUNUM \u00d6D\u00dcLLER\u0130<\/strong><\/p>\n<p><strong>1. S\u00f6zl\u00fc Sunum<\/strong><strong>; Ebrar ALTINALAN (\u0130stanbul)<\/strong><\/p>\n<p>COVID-19 Tan\u0131s\u0131 Alan \u00c7ocuklarda Klinik \u00d6zelliklerin ve N\u00f6rolojik Bulgular\u0131n Retrospektif Analizi<\/p>\n<p><strong>2. S\u00f6zl\u00fc Sunum<\/strong><strong>;\u00a0 Buse AYDIN (Ankara)<\/strong><\/p>\n<p>Multipl sklerozlu hastalarda dimetil fumarat tedavisi s\u0131ras\u0131nda ER stres belirte\u00e7leri\u00a0<i>ATF6<\/i>,\u00a0<i>IRE1<\/i>,\u00a0<i>PERK<\/i>\u00a0ve\u00a0<i>GRP78<\/i>\u2018in n\u00f6trofillerde gen ekspresyonlar\u0131n\u0131n boylamsal \u00e7al\u0131\u015fmas\u0131<\/p>\n<p><strong>3. S\u00f6zl\u00fc Sunum<\/strong><strong>; Dr. Selahattin AYDEM\u0130R (Van)<\/strong><\/p>\n<p><span lang=\"EN-GB\">N\u00f6rolojik hastal\u0131klar ile\u00a0<i>Toxoplasma gondii<\/i>\u00a0enfeksiyonu aras\u0131ndaki ili\u015fki<\/span><\/p>\n<p>&nbsp;<\/p>\n<p><strong>POSTER SUNUM \u00d6D\u00dcLLER\u0130<\/strong><\/p>\n<p><strong>1. Ahmi \u00d6Z, <\/strong>(S\u00fcleyman Demirel \u00dcniversitesi, Isparta)<\/p>\n<p>N\u00f6ronal Hipokside TRPM7 Kanallar\u0131n\u0131n Olas\u0131 Rol\u00fc: Bir Biyoinformatik Yakla\u015f\u0131m<\/p>\n","protected":false},"excerpt":{"rendered":"<p>Poster ve S\u00f6zl\u00fc Sunum de\u011ferlendirme kurulu taraf\u0131ndan yap\u0131lacak de\u011ferlendirmede en iyi 1 (bir) postere \u00f6d\u00fcl verilecektir.* POSTER SUNUM \u00d6D\u00dcLLER\u0130 1 adet B\u0130R\u0130NC\u0130L\u0130K \u00f6d\u00fcl\u00fc (Sertifika ve Y\u00f6resel \u00fcr\u00fcnler ) \u00d6d\u00fcl sertifikas\u0131 t\u00fcm yazarlar ad\u0131na, poster sunumunu ger\u00e7ekle\u015ftiren bilim insan\u0131na takdim edilecektir.<\/p>\n","protected":false},"author":1,"featured_media":0,"parent":0,"menu_order":0,"comment_status":"closed","ping_status":"closed","template":"","meta":{"footnotes":""},"class_list":["post-295","page","type-page","status-publish","hentry"],"_links":{"self":[{"href":"https:\/\/kastamonu2023.acnrg.com.tr\/index.php\/wp-json\/wp\/v2\/pages\/295","targetHints":{"allow":["GET"]}}],"collection":[{"href":"https:\/\/kastamonu2023.acnrg.com.tr\/index.php\/wp-json\/wp\/v2\/pages"}],"about":[{"href":"https:\/\/kastamonu2023.acnrg.com.tr\/index.php\/wp-json\/wp\/v2\/types\/page"}],"author":[{"embeddable":true,"href":"https:\/\/kastamonu2023.acnrg.com.tr\/index.php\/wp-json\/wp\/v2\/users\/1"}],"replies":[{"embeddable":true,"href":"https:\/\/kastamonu2023.acnrg.com.tr\/index.php\/wp-json\/wp\/v2\/comments?post=295"}],"version-history":[{"count":26,"href":"https:\/\/kastamonu2023.acnrg.com.tr\/index.php\/wp-json\/wp\/v2\/pages\/295\/revisions"}],"predecessor-version":[{"id":478,"href":"https:\/\/kastamonu2023.acnrg.com.tr\/index.php\/wp-json\/wp\/v2\/pages\/295\/revisions\/478"}],"wp:attachment":[{"href":"https:\/\/kastamonu2023.acnrg.com.tr\/index.php\/wp-json\/wp\/v2\/media?parent=295"}],"curies":[{"name":"wp","href":"https:\/\/api.w.org\/{rel}","templated":true}]}}