{"id":191,"date":"2023-03-04T17:12:20","date_gmt":"2023-03-04T14:12:20","guid":{"rendered":"https:\/\/kastamonu2023.acnrg.com.tr\/?page_id=191"},"modified":"2023-05-19T10:33:24","modified_gmt":"2023-05-19T07:33:24","slug":"kayit-2","status":"publish","type":"page","link":"https:\/\/kastamonu2023.acnrg.com.tr\/index.php\/kayit-2\/","title":{"rendered":"KAYIT"},"content":{"rendered":"<p><strong>Konu\u015fmac\u0131lar \u0130\u00e7in Sunum Kurallar\u0131<\/strong><\/p>\n<ul>\n<li>Sunumlar 25 dakikada sunulacak \u015fekilde haz\u0131rlanmal\u0131d\u0131r.<\/li>\n<li>Sunum sonunda 10 dakikal\u0131k soru-cevap s\u00fcresi verilecektir.<\/li>\n<li>Program\u0131n aksamadan ger\u00e7ekle\u015ftirilebilmesi i\u00e7in sunum s\u00fcresine azami d\u00fczeyde dikkat edilmesi gerekmektedir.<\/li>\n<\/ul>\n<p><strong>S\u00f6zl\u00fc Sunum Kurallar\u0131<\/strong><\/p>\n<ul>\n<li>S\u00f6zl\u00fc sunumlar 10 dakikada sunulacak \u015fekilde haz\u0131rlanmal\u0131d\u0131r.<\/li>\n<li>Bu nedenle 10 slayt olarak haz\u0131rlanmas\u0131 \u00f6nerilir.<\/li>\n<li>Sunum sonunda 5 dakikal\u0131k soru-cevap s\u00fcresi verilecektir.<\/li>\n<li>Program\u0131n aksamadan ger\u00e7ekle\u015ftirilebilmesi i\u00e7in sunum s\u00fcresine azami d\u00fczeyde dikkat edilmesi gerekmektedir.<\/li>\n<\/ul>\n<p><strong>Poster ve S\u00f6zl\u00fc Sunu \u015eartlar\u0131<\/strong><\/p>\n<p>Bir kat\u0131l\u0131m \u00fccretiyle, en fazla iki adet poster sunumu veya bir poster ile bir s\u00f6zl\u00fc sunum yap\u0131labilir. Kongremize g\u00f6nderilen bildiriler en az iki kongre bilim kurulu \u00fcyesi taraf\u0131ndan hakem de\u011ferlendirmesi yap\u0131ld\u0131ktan sonra kabul edilecektir.<\/p>\n<p><strong>\u00d6zet g\u00f6nderim i\u00e7in son tarih: 20 Nisan 2023<\/strong><\/p>\n<p>Kongrede poster ve s\u00f6zl\u00fc sunumu kabul edilmi\u015f ara\u015ft\u0131rmac\u0131lar herhangi bir nedenle (\u00d6r: sa\u011fl\u0131k sorunu) sunum yapamayacak olurlarsa ve sunumlar \u00e7al\u0131\u015fmada ismi yer alan ba\u015fka bir ara\u015ft\u0131rmac\u0131 taraf\u0131ndan yap\u0131lmazsa \u00f6zetleri\u00a0<strong>bas\u0131lmayacakt\u0131r.<\/strong> Kongre kat\u0131l\u0131m belgesi ve kongre materyalleri sadece sunumu yapan bilim insan\u0131na verilecektir.<\/p>\n<p><strong><em>Kongre \u00f6zet kitap\u00e7\u0131\u011f\u0131 kongre sonras\u0131ndaki hafta i\u00e7erisinde elektronik ortamda kat\u0131l\u0131mc\u0131lara g\u00f6nderilecektir.<\/em><\/strong><\/p>\n<p><em><strong>Sempozyumda yap\u0131lacak s\u00f6zl\u00fc sunumlar do\u00e7entlik ba\u015fvuru kriterlerinden ulusal s\u00f6zl\u00fc sunum \u015fartlar\u0131n\u0131 sa\u011flamaktad\u0131r.<\/strong><\/em><\/p>\n<p>Sunulan poster ve s\u00f6zl\u00fc sunum \u00f6zetleri, Scopus ve Google Scholar gibi indeksler taraf\u0131ndan taranan uluslararas\u0131 hakemli dergi \u2018Journal of Cellular Neuroscience and Oxidative Stress dergisinde (<a href=\"https:\/\/dergipark.org.tr\/tr\/pub\/jcnos\">https:\/\/dergipark.org.tr\/tr\/pub\/jcnos<\/a>)\u2019 bas\u0131lacakt\u0131r.<\/p>\n<h2>Kay\u0131t \u00dccretleri<\/h2>\n<h2>Kay\u0131tlar Kapanm\u0131\u015ft\u0131r<\/h2>\n<p>&nbsp;<\/p>\n<p>*Kay\u0131t \u00dccreti hakk\u0131nda gerekli de\u011fi\u015fiklikleri yapmak kongre organizasyon komitesinin yetkisindedir.<\/p>\n<p><strong>Fiyatlara KDV dahil de\u011fildir.<\/strong><\/p>\n<p><strong>Konaklama kongre kay\u0131t \u00fccretine dahil de\u011fildir.<\/strong><\/p>\n<p><strong>Gezi program\u0131 kongre kay\u0131t \u00fccretine dahil de\u011fildir. <\/strong><\/p>\n<h4><strong>(Gezi program\u0131 kontenjan\u0131 dolmu\u015ftur)<\/strong><\/h4>\n<p>Kay\u0131t yapt\u0131rmadan kongre etkinliklerine (yemek, gezi program\u0131, &#8230;) kat\u0131lmak m\u00fcmk\u00fcn olmayacakt\u0131r.<\/p>\n<p>Kongre kay\u0131t \u00fccretine 1 adet \u00f6\u011fle ve gala yeme\u011fi, ara ikramlar, yaka kartlar\u0131 ve kat\u0131l\u0131m belgesi d\u00e2hildir.<br \/>\nMisafir olarak kat\u0131lanlar i\u00e7in kat\u0131l\u0131m belgesi verilmeyecektir.<\/p>\n<p><strong>Program s\u00fcresince yaka kart\u0131 takmak zorunludur.<\/strong><\/p>\n<p>&nbsp;<\/p>\n<p><strong>Banka Hesap Bilgileri<\/strong><\/p>\n<p>Yener YAZ\u011eAN<\/p>\n<p>Tel: 0 366 280 72 08<\/p>\n<p>Ziraat Bankas\u0131 Kastamonu \u015eubesi<\/p>\n<p>IBAN: TR<\/p>\n<p><strong>Notlar<\/strong><br \/>\n<strong>Davet Mektubu<\/strong><br \/>\nKongre kat\u0131l\u0131m\u0131 i\u00e7in kurumlara verilmek \u00fczere talep edilecek kongre davet yaz\u0131lar\u0131 Kongre Sekreterli\u011fi arac\u0131l\u0131\u011f\u0131 ile isteyen kat\u0131l\u0131mc\u0131lara g\u00f6nderilecektir (Fazla say\u0131da kat\u0131l\u0131mc\u0131 istihdam eden kurumlara merkezi izin yaz\u0131s\u0131 yaz\u0131lacakt\u0131r.) Bu t\u00fcr davet yaz\u0131lar\u0131 sadece izin amac\u0131 ile kullan\u0131labilir. Bu t\u00fcr davet mektubu sahibi misafirlerin kay\u0131t ve konaklama \u00fccretleri kendilerine aittir.<\/p>\n<p><strong>Kat\u0131l\u0131m\u0131n \u0130ptali<\/strong><br \/>\n1 Nisan 2023 tarihine kadar yaz\u0131l\u0131 olarak bildirildi\u011fi takdirde kay\u0131t \u00fccretinin (konaklama rezervasyonu yok ise) %50 si iade edilir. Bu tarihten sonra yap\u0131lacak kay\u0131t iptallerinde iade yap\u0131lmayacakt\u0131r.<\/p>\n<p><strong>Kay\u0131t ve Dan\u0131\u015fma<\/strong><br \/>\n28 Nisan 2023 tarihinde saat 14.00\u2019den itibaren Kongre Merkezinde kay\u0131t ve dan\u0131\u015fma masalar\u0131 kurulacakt\u0131r,<\/p>\n<p><strong>Yaka Kart\u0131<\/strong><br \/>\nT\u00fcm kat\u0131l\u0131mc\u0131lar ve refakat\u00e7ilerin kongre merkezine giri\u015fte ve di\u011fer sosyal programlarda yaka kartlar\u0131n\u0131 takmalar\u0131n\u0131 kongrenin sa\u011fl\u0131kl\u0131 y\u00fcr\u00fcyebilmesi ve g\u00fcvenli\u011fi a\u00e7\u0131s\u0131ndan \u00f6nemlidir. Yaka kartlar\u0131 olmayanlar kongre salonuna giremeyeceklerdir.<\/p>\n<p>&nbsp;<\/p>\n<h2>Kay\u0131t Formu<\/h2>\n","protected":false},"excerpt":{"rendered":"<p>Konu\u015fmac\u0131lar \u0130\u00e7in Sunum Kurallar\u0131 Sunumlar 25 dakikada sunulacak \u015fekilde haz\u0131rlanmal\u0131d\u0131r. Sunum sonunda 10 dakikal\u0131k soru-cevap s\u00fcresi verilecektir. Program\u0131n aksamadan ger\u00e7ekle\u015ftirilebilmesi i\u00e7in sunum s\u00fcresine azami d\u00fczeyde dikkat edilmesi gerekmektedir. S\u00f6zl\u00fc Sunum Kurallar\u0131 S\u00f6zl\u00fc sunumlar 10 dakikada sunulacak \u015fekilde haz\u0131rlanmal\u0131d\u0131r. Bu nedenle<\/p>\n","protected":false},"author":1,"featured_media":0,"parent":0,"menu_order":0,"comment_status":"closed","ping_status":"closed","template":"","meta":{"footnotes":""},"class_list":["post-191","page","type-page","status-publish","hentry"],"_links":{"self":[{"href":"https:\/\/kastamonu2023.acnrg.com.tr\/index.php\/wp-json\/wp\/v2\/pages\/191","targetHints":{"allow":["GET"]}}],"collection":[{"href":"https:\/\/kastamonu2023.acnrg.com.tr\/index.php\/wp-json\/wp\/v2\/pages"}],"about":[{"href":"https:\/\/kastamonu2023.acnrg.com.tr\/index.php\/wp-json\/wp\/v2\/types\/page"}],"author":[{"embeddable":true,"href":"https:\/\/kastamonu2023.acnrg.com.tr\/index.php\/wp-json\/wp\/v2\/users\/1"}],"replies":[{"embeddable":true,"href":"https:\/\/kastamonu2023.acnrg.com.tr\/index.php\/wp-json\/wp\/v2\/comments?post=191"}],"version-history":[{"count":55,"href":"https:\/\/kastamonu2023.acnrg.com.tr\/index.php\/wp-json\/wp\/v2\/pages\/191\/revisions"}],"predecessor-version":[{"id":481,"href":"https:\/\/kastamonu2023.acnrg.com.tr\/index.php\/wp-json\/wp\/v2\/pages\/191\/revisions\/481"}],"wp:attachment":[{"href":"https:\/\/kastamonu2023.acnrg.com.tr\/index.php\/wp-json\/wp\/v2\/media?parent=191"}],"curies":[{"name":"wp","href":"https:\/\/api.w.org\/{rel}","templated":true}]}}