{"id":18,"date":"2023-02-01T22:25:16","date_gmt":"2023-02-01T19:25:16","guid":{"rendered":"https:\/\/kastamonu2023.acnrg.com.tr\/?page_id=18"},"modified":"2023-05-09T10:48:58","modified_gmt":"2023-05-09T07:48:58","slug":"program","status":"publish","type":"page","link":"https:\/\/kastamonu2023.acnrg.com.tr\/index.php\/program\/","title":{"rendered":"PROGRAM"},"content":{"rendered":"<h4><strong>28 Nisan 2023 <\/strong>(Cuma &#8211; Salon A)<\/h4>\n<table width=\"95%\">\n<tbody>\n<tr>\n<td width=\"17%\">13:30-14:00<\/td>\n<td width=\"82%\"><strong>A\u00e7\u0131l\u0131\u015f<\/strong><\/td>\n<\/tr>\n<tr>\n<td width=\"17%\"><\/td>\n<td width=\"82%\"><strong>Sayg\u0131 Duru\u015fu ve \u0130stiklal Mar\u015f\u0131<\/strong><\/td>\n<\/tr>\n<tr>\n<td width=\"17%\">14:00-15:30<\/td>\n<td width=\"82%\"><strong>Oturum Ba\u015fkan\u0131: Dr. Yener YAZ\u011eAN<\/strong><\/td>\n<\/tr>\n<tr>\n<td width=\"17%\"><\/td>\n<td width=\"82%\"><strong>Konferans Etkinli\u011fi;<\/strong><\/p>\n<p><strong>Prof. Dr. Bayram Ufuk \u015eAKUL (\u0130stanbul)<\/strong><\/p>\n<p>Beynin Kullan\u0131m K\u0131lavuzu<\/td>\n<\/tr>\n<tr>\n<td width=\"17%\">15:30-16:00<\/td>\n<td width=\"82%\"><strong>Kahve \/ \u00c7ay Aras\u0131<\/strong><\/td>\n<\/tr>\n<tr>\n<td width=\"17%\">16:00-17:00<\/td>\n<td width=\"82%\"><strong>Oturum Ba\u015fkan\u0131: Dr. \u00d6mer \u00c7EL\u0130K<\/strong><\/td>\n<\/tr>\n<tr>\n<td width=\"17%\"><\/td>\n<td width=\"82%\"><strong>S1- <\/strong><strong>S\u00f6zl\u00fc Sunum<\/strong><strong>; Dr. \u00a0<span class=\"sppb-person-name\">\u0130dris KOCAT\u00dcRK (Kastamonu)<\/span><\/strong><\/p>\n<p>Multiple Skleroz Hastalar\u0131nda Atak D\u00f6neminde Sistemik \u0130mmun-\u0130nflamatuar \u0130ndeks De\u011feri<\/p>\n<p><strong>S2- <\/strong><strong>S\u00f6zl\u00fc Sunum<\/strong><strong>; Dr. <span class=\"sppb-person-name\">Mehmet Akif B\u0130LD\u0130R\u0130C\u0130 (Kastamonu)<\/span><\/strong><\/p>\n<p>Multiple\u00a0Sklerozun \u0130nflamatuar Bir Marker Olan N\u00f6trofil Lenfosit Oran\u0131 (NLR) \u0130le \u0130li\u015fkisinin De\u011ferlendirilmesi<\/p>\n<p><strong>S3- <\/strong><strong>S\u00f6zl\u00fc Sunum<\/strong><strong>; Ay\u015feg\u00fcl \u00d6ZT\u00dcRK (Sivas)<\/strong><\/p>\n<p>Ramicanenin SH-SY5Y h\u00fccrelerinde Hidrojen peroksit kaynakl\u0131 oksidatif Stres \u00fczerine n\u00f6roprotektif Etkileri<\/p>\n<p><strong>Oturum Ba\u015fkan\u0131: Dr. Ay\u015fe Arzu \u015eAKUL<\/strong><\/p>\n<p><strong>S4- <\/strong><strong>S\u00f6zl\u00fc Sunum<\/strong><strong>;\u00a0 R\u00fcmeysa KILI\u00c7ER (Sivas)<\/strong><\/p>\n<p>C6 Glioma h\u00fccrelerinde Bu\u011fday Ru\u015feyminin Glutamat Eksitotoksisitesi \u00dczerine Etkisi<\/p>\n<p><strong>S5- <\/strong><strong>S\u00f6zl\u00fc Sunum<\/strong><strong>; Meryem YAPRAK (Sivas)<\/strong><\/p>\n<p>Bromelainin C6 h\u00fccre hatt\u0131nda glutamat\u0131n neden oldu\u011fu eksitotoksisiteye kar\u015f\u0131 etkisi<\/td>\n<\/tr>\n<tr>\n<td width=\"17%\">17:00-18:00<\/td>\n<td width=\"82%\"><strong>Oturum Ba\u015fkan\u0131: Dr. Kenan YILDIZHAN<\/strong><\/td>\n<\/tr>\n<tr>\n<td width=\"17%\"><\/td>\n<td width=\"82%\"><strong>S6- <\/strong><strong>S\u00f6zl\u00fc Sunum<\/strong><strong>; Onur DURNA (Sivas)<\/strong><\/p>\n<p>Mirtazapinin Glioblastoma H\u00fccrelerinde Hidrojen peroksit toksisitesi \u00fczerindeki etkisi<\/p>\n<p><strong>S7- <\/strong><strong>S\u00f6zl\u00fc Sunum<\/strong><strong>; Dr. Neslihan C\u0130HAN \u00c7ALI\u015eGAN<span class=\"sppb-person-name\">\u00a0(Kastamonu)<\/span><\/strong><\/p>\n<p>Pn\u00f6moni hastalar\u0131nda bir hemogram parametresi olan RDW-SD\u2019nin sa\u011fkal\u0131m\u0131 tahmin etmedeki rol\u00fc<\/p>\n<p><strong>S8- <\/strong><strong>S\u00f6zl\u00fc Sunum<\/strong><strong>; Dr. Sedat G\u00dcLTEN<span class=\"sppb-person-name\">\u00a0(Kastamonu)<\/span><\/strong><\/p>\n<p>6 haftal\u0131k y\u00fcksek yo\u011funluklu diren\u00e7 antrenman\u0131 ile d\u00fc\u015f\u00fck yo\u011funluklu diren\u00e7 antrenman\u0131n\u0131n ve kan ak\u0131\u015f\u0131n\u0131 k\u0131s\u0131tlaman\u0131n gen\u00e7 kad\u0131nlarda kemik belirte\u00e7leri \u00fczerine etkilerinin kar\u015f\u0131la\u015ft\u0131r\u0131lmas\u0131<\/td>\n<\/tr>\n<tr>\n<td width=\"17%\"><\/td>\n<td width=\"82%\"><strong>\u015eehir Gezisi (Serbest Zaman)<\/strong><\/td>\n<\/tr>\n<\/tbody>\n<\/table>\n<h4><\/h4>\n<h4><strong>29 Nisan 2023 <\/strong>(Cumartesi &#8211; Salon A)<\/h4>\n<table width=\"95%\">\n<tbody>\n<tr>\n<td width=\"17%\">08:00-09:00<\/td>\n<td width=\"82%\"><strong>Kay\u0131t<\/strong><\/td>\n<\/tr>\n<tr>\n<td width=\"17%\">09:00-09.30<\/td>\n<td width=\"82%\"><strong>A\u00e7\u0131l\u0131\u015f<\/strong><\/td>\n<\/tr>\n<tr>\n<td width=\"17%\"><\/td>\n<td width=\"82%\"><strong>Sayg\u0131 Duru\u015fu ve \u0130stiklal Mar\u015f\u0131<\/strong><\/p>\n<p><strong>A\u00e7\u0131l\u0131\u015f Konu\u015fmalar\u0131<\/strong><\/p>\n<p><strong>Dr. Yener YAZ\u011eAN, D\u00fczenleme Kurulu Ba\u015fkan\u0131<\/strong><\/td>\n<\/tr>\n<tr>\n<td width=\"17%\">09:30-11.20<\/td>\n<td width=\"82%\"><strong>Oturum Ba\u015fkan\u0131<\/strong><strong>:<\/strong> <strong>Dr. Ayd\u0131n H\u0130M<\/strong><\/td>\n<\/tr>\n<tr>\n<td width=\"17%\"><\/td>\n<td width=\"82%\"><strong>K1- Konu\u015fmac\u0131;\u00a0<\/strong><strong>Dr. G\u00fcrkan \u00d6ZT\u00dcRK (\u0130stanbul) <\/strong><\/p>\n<p>N\u00f6ronlar\u0131n Akson Hasar\u0131na Mekanik Cevaplar\u0131<\/p>\n<p><strong>K2- Konu\u015fmac\u0131; Dr. G\u00fcven AK\u00c7AY (\u00c7orum)<\/strong><\/p>\n<p>N\u00f6rolojik Hastal\u0131klar\u0131n Tedavisinde Nanoteknolojik Yakla\u015f\u0131m: Ak\u0131ll\u0131 \u0130la\u00e7lar<\/p>\n<p><strong>Oturum Ba\u015fkan\u0131<\/strong><strong>:<\/strong> <strong>Dr. Nureddin CENG\u0130Z<\/strong><\/p>\n<p><strong>S9- <\/strong><strong>S\u00f6zl\u00fc Sunum<\/strong><strong>; Dr. G\u00fcven AK\u00c7AY (\u00c7orum)<\/strong><\/p>\n<p>Deneysel Serebral \u0130skemi Modelinde Transkraniyal Do\u011fru Ak\u0131m Stim\u00fclasyonunun GABAerjik Yolak \u00dczerine Terap\u00f6tik ve N\u00f6roinflamatuar Etkileri<\/p>\n<p><strong>S10- <\/strong><strong>S\u00f6zl\u00fc Sunum<\/strong><strong>; Elif G\u00dcZEL (\u0130stanbul)<\/strong><\/p>\n<p>Epilepside TRPC Kanallar\u0131n\u0131n Rol\u00fc<\/p>\n<p><strong>S11- <\/strong><strong>S\u00f6zl\u00fc Sunum<\/strong><strong>; Dr. Esra TEK\u0130N (K\u00fctahya)<\/strong><\/p>\n<p>Multiple sklerozun erken tan\u0131s\u0131 i\u00e7in kan parametreleriyle bir de\u011ferlendirme: Yeni bir oran \u00f6nerisi<\/td>\n<\/tr>\n<tr>\n<td width=\"17%\">11:20-11.40<\/td>\n<td width=\"82%\"><strong>Kahve \/ \u00c7ay Aras\u0131<\/strong><\/td>\n<\/tr>\n<tr>\n<td width=\"17%\">11:40-13.30<\/td>\n<td width=\"82%\"><strong>Oturum Ba\u015fkan\u0131<\/strong><strong>:<\/strong> <strong>Dr. G\u00fcrkan \u00d6ZT\u00dcRK<\/strong><\/td>\n<\/tr>\n<tr>\n<td width=\"17%\"><\/td>\n<td width=\"82%\"><strong>K3- Konu\u015fmac\u0131; Dr. Mustafa NAZIRO\u011eLU (Isparta)<\/strong><\/p>\n<p>Sinir h\u00fccrelerinde TRP kanal ara\u015ft\u0131rmalar\u0131nda lazer konfokal mikroskop kullan\u0131m\u0131<\/p>\n<p><strong>K4- Konu\u015fmac\u0131; Dr. Ahmet HACIM\u00dcFT\u00dcO\u011eLU (Erzurum)<\/strong><\/p>\n<p>COVID-19\u2019a Kar\u015f\u0131 Ekspresyon Sistemleri Kullan\u0131larak A\u015f\u0131 Geli\u015ftirme<\/p>\n<p><strong>K5- Konu\u015fmac\u0131; Dr. Ender ERDO\u011eAN (Konya)<\/strong><\/p>\n<p>Paramikroskopi<\/p>\n<p><strong>Oturum Ba\u015fkan\u0131<\/strong><strong>:<\/strong> <strong>Dr. S\u00fcleyman KAPLAN<\/strong><\/p>\n<p><strong>S12- <\/strong><strong>S\u00f6zl\u00fc Sunum<\/strong><strong>; Ebrar ALTINALAN (\u0130stanbul)<\/strong><\/p>\n<p>COVID-19 Tan\u0131s\u0131 Alan \u00c7ocuklarda Klinik \u00d6zelliklerin ve N\u00f6rolojik Bulgular\u0131n Retrospektif Analizi<\/p>\n<p><strong>S13- <\/strong><strong>S\u00f6zl\u00fc Sunum<\/strong><strong>; Adem AHLATCI (Van)<\/strong><\/p>\n<p><span lang=\"EN-GB\">Glutamat sitoksisitesi olu\u015fturulan C6 glioma h\u00fccre hatt\u0131nda gallik asidin etkisi<\/span><\/td>\n<\/tr>\n<tr>\n<td width=\"17%\">13:30-14:30<\/td>\n<td width=\"82%\"><strong>\u00d6\u011fle Yeme\u011fi (Kastamonu \u00dcniversitesi, Ay Y\u0131ld\u0131z Restaurant)<\/strong><\/td>\n<\/tr>\n<tr>\n<td width=\"17%\">14:30-16:20<\/td>\n<td width=\"82%\"><strong>Oturum Ba\u015fkan\u0131<\/strong><strong>: Dr. Mustafa NAZIRO\u011eLU<\/strong><\/td>\n<\/tr>\n<tr>\n<td width=\"17%\"><\/td>\n<td width=\"82%\"><strong>K6- Konu\u015fmac\u0131; Dr. S\u00fcleyman KAPLAN (Samsun)<\/strong><\/p>\n<p>Elektron mikroskobu d\u00fczeyinde h\u00fccre organelleri veya sinaps yap\u0131lar\u0131n\u0131n niceliksel de\u011ferlendirilmesi<\/p>\n<p><strong>K7- Konu\u015fmac\u0131; Dr. Ramazan \u00dcST\u00dcN (Van)<\/strong><\/p>\n<p>\u0130skemik beyin hasar\u0131 sonras\u0131 n\u00f6ronal sa\u011fkal\u0131m ve n\u00f6ral onar\u0131ma arac\u0131l\u0131k eden n\u00f6ro-imm\u00fcn mekanizmalar<\/p>\n<p><strong>Oturum Ba\u015fkan\u0131<\/strong><strong>:\u00a0 Dr. Ender ERDO\u011eAN<\/strong><\/p>\n<p><strong>S14- <\/strong><strong>S\u00f6zl\u00fc Sunum<\/strong><strong>; Dr. Selahattin AYDEM\u0130R (Van)<\/strong><\/p>\n<p><span lang=\"EN-GB\">N\u00f6rolojik hastal\u0131klar ile <i>Toxoplasma gondii<\/i>\u00a0enfeksiyonu aras\u0131ndaki ili\u015fki<\/span><\/p>\n<p><strong>S15- <\/strong><strong>S\u00f6zl\u00fc Sunum<\/strong><strong>; Mehmet Hafit BAY\u0130R (Van)<\/strong><\/p>\n<p><span lang=\"EN-GB\">Diyabetik n\u00f6ropatik a\u011fr\u0131 mekanizmas\u0131nda oksidatif stres ve TRP kanallar\u0131n\u0131n rol\u00fc<\/span><\/p>\n<p><strong>S16- <\/strong><strong>S\u00f6zl\u00fc Sunum<\/strong><strong>; Dr. Ay\u015fe \u015eEKER (Van)<\/strong><\/p>\n<p>DRG n\u00f6ronlar\u0131n\u0131n lazer mikrodiseksiyon tekni\u011fi ile olu\u015fturulan aksotomi hasar\u0131nda Timokinon ile K252a etkilerinin kar\u015f\u0131la\u015ft\u0131r\u0131lmas\u0131<\/td>\n<\/tr>\n<tr>\n<td width=\"17%\">16:20-16:40<\/td>\n<td width=\"82%\"><strong>Kahve \/ \u00c7ay Aras\u0131<\/strong><\/td>\n<\/tr>\n<tr>\n<td width=\"17%\">16:40-18:30<\/td>\n<td width=\"82%\"><strong>Oturum Ba\u015fkan\u0131<\/strong><strong>: Dr. Ahmet HACIM\u00dcFT\u00dcO\u011eLU<\/strong><\/td>\n<\/tr>\n<tr>\n<td width=\"17%\"><\/td>\n<td width=\"82%\"><strong>K8- Konu\u015fmac\u0131; Dr. Ay\u015fe Arzu \u015eAKUL (\u0130stanbul)<\/strong><\/p>\n<p>N\u00f6rodejeneratif hastal\u0131klarda mineral dengesi<\/p>\n<p><strong>K9- Konu\u015fmac\u0131; Dr. Birsen CAN DEM\u0130RD\u00d6\u011eEN (Ankara)<\/strong><\/p>\n<p>Multipl sklerozda yeni tan\u0131sal, prognostik ve tedavi yan\u0131t\u0131 biyobelirte\u00e7leri<\/p>\n<p><strong>Oturum Ba\u015fkan\u0131<\/strong><strong>: Dr. Ramazan \u00dcST\u00dcN<\/strong><\/p>\n<p><strong>S17- <\/strong><strong>S\u00f6zl\u00fc Sunum<\/strong><strong>; Canan AK\u00c7\u0130N (Ankara)<\/strong><\/p>\n<p>Apoptoz belirte\u00e7leri Bax, Bcl2, Casp3&#8217;\u00fcn n\u00f6trofillerdeki gen ekspresyonlar\u0131n\u0131n relapsing\/remitting multipl skleroz atak tedavisi s\u0131ras\u0131nda de\u011ferlendirilmesi<\/p>\n<p><strong>S18- <\/strong><strong>S\u00f6zl\u00fc Sunum<\/strong><strong>;\u00a0 Buse AYDIN (Ankara)<\/strong><\/p>\n<p>Multipl sklerozlu hastalarda dimetil fumarat tedavisi s\u0131ras\u0131nda ER stres belirte\u00e7leri\u00a0<i>ATF6<\/i>,\u00a0<i>IRE1<\/i>,\u00a0<i>PERK<\/i>\u00a0ve\u00a0<i>GRP78<\/i>&#8216;in n\u00f6trofillerde gen ekspresyonlar\u0131n\u0131n boylamsal \u00e7al\u0131\u015fmas\u0131<\/p>\n<p><strong>S19- <\/strong><strong>S\u00f6zl\u00fc Sunum<\/strong><strong>; Ata Ayhan YILMAZ (Ankara)<\/strong><\/p>\n<p><i>MIR155<\/i>\u00a0rs767649 T&gt;A genetik polimorfizminin relapsing-remitting multipl sklerozla ili\u015fkisinin incelenmesi<\/td>\n<\/tr>\n<tr>\n<td width=\"17%\">09:00-17:00<\/td>\n<td width=\"82%\"><strong>Poster Sunumlar\u0131<\/strong><\/p>\n<p><strong>P1- Ahmi \u00d6Z,\u00a0<\/strong><\/p>\n<p>(S\u00fcleyman Demirel \u00dcniversitesi, Isparta)<\/p>\n<p>N\u00f6ronal Hipokside TRPM7 Kanallar\u0131n\u0131n Olas\u0131 Rol\u00fc: Bir Biyoinformatik Yakla\u015f\u0131m<\/p>\n<p>&nbsp;<\/p>\n<p><strong>P2 &#8211; Ay\u015fenur NAZIRO\u011eLU, <\/strong>Ahmet \u00c7ARHAN<\/p>\n<p>(Y\u0131ld\u0131r\u0131m Beyaz\u0131t \u00dcniversitesi, Ankara)<\/p>\n<p>TRP Kanal Ara\u015ft\u0131rmalar\u0131nda SH-SY5Y Sinir H\u00fccre K\u00fclt\u00fcr\u00fc Yap\u0131m\u0131<\/p>\n<p>&nbsp;<\/p>\n<p><strong>P3 &#8211;<\/strong> <strong>Mekselina KALMAZ,<\/strong> Semra MUNGAN, Birsen CAN DEM\u0130RD\u00d6\u011eEN<\/p>\n<p>(TOBB Ekonomi ve Teknoloji \u00dcniversitesi, Ankara)<\/p>\n<p>Plazma hsa-miR-24-3p relatif ekspresyon seviyesinin multipl skleroz i\u00e7in biyobelirte\u00e7 olma potansiyelinin de\u011ferlendirilmesi<\/p>\n<p>&nbsp;<\/p>\n<p><strong>P4 &#8211;<\/strong> Osman O\u011fuzhan KILI\u00c7, Semra MUNGAN, <strong>Birsen CAN DEM\u0130RD\u00d6\u011eEN<\/strong><\/p>\n<p>(TOBB Ekonomi ve Teknoloji \u00dcniversitesi, Ankara)<\/p>\n<p>Plazma miR-195-5p relatif ekspresyon seviyesiyle RRMS aras\u0131ndaki ili\u015fkinin incelenmesi<\/p>\n<p>&nbsp;<\/p>\n<p><strong><em>Poster ve S\u00f6zl\u00fc Sunum De\u011ferlendirme Kurulu<\/em><\/strong><\/p>\n<p><strong>1- S\u00fcleyman KAPLAN<\/strong><\/p>\n<p><strong>2- \u00d6mer \u00c7EL\u0130K<\/strong><\/p>\n<p><strong>3- Ay\u015fe Arzu \u015eAKUL<\/strong><\/p>\n<p><strong>4- Bet\u00fcl YAZ\u011eAN<\/strong><\/p>\n<p><strong>5- Kenan YILDIZHAN<\/strong><\/td>\n<\/tr>\n<tr>\n<td width=\"17%\"><\/td>\n<td width=\"82%\"><strong>\u00d6d\u00fcl T\u00f6reni ve Kapan\u0131\u015f<\/strong><\/td>\n<\/tr>\n<tr>\n<td width=\"17%\">19:30-21:00<\/td>\n<td width=\"82%\"><strong>Gala Yeme\u011fi\u00a0<\/strong><\/p>\n<p><a href=\"https:\/\/www.muniresultansofrasi.com\/\" target=\"_blank\" rel=\"noopener\"><strong>M\u00fcnire Sultan Sofras\u0131<\/strong><\/a>,\u00a0 (Co\u011frafi \u0130\u015faretli Y\u00f6resel Yemekler)<\/td>\n<\/tr>\n<\/tbody>\n<\/table>\n<p>&nbsp;<\/p>\n<h4><strong>30 Nisan 2023 (Pazar)<\/strong><\/h4>\n<table width=\"96%\">\n<tbody>\n<tr>\n<td width=\"18%\">09:00-16:00<\/p>\n<p>&nbsp;<\/td>\n<td width=\"81%\"><strong>Gezi Program\u0131 Etkinli\u011fi<\/strong><\/p>\n<p>Kastamonu \/ P\u0131narba\u015f\u0131 il\u00e7esi <strong><a href=\"http:\/\/www.pinarbasi.gov.tr\/horma-kanyonu\" target=\"_blank\" rel=\"noopener\">Horma Kanyonu<\/a><\/strong><\/p>\n<p>Kastamonu \/ Azdavay il\u00e7esi <strong><a href=\"https:\/\/www.azdavay.bel.tr\/atli-turizm-merkezi-339.html\" target=\"_blank\" rel=\"noopener\">Atl\u0131 Turizm Merkezi<\/a><\/strong><\/p>\n<p>Kastamonu \/ Azdavay il\u00e7esi <strong><a href=\"https:\/\/www.azdavay.bel.tr\/cam-teras-227.html\" target=\"_blank\" rel=\"noopener\">Cam Teras<\/a><\/strong>\u00a0 (Vakit durumuna ba\u011fl\u0131)<\/p>\n<h4>(Gezi program\u0131 kontenjan\u0131 dolmu\u015ftur)<\/h4>\n<\/td>\n<\/tr>\n<tr>\n<td width=\"18%\">13:30-15:00<\/td>\n<td width=\"81%\"><strong>\u00d6\u011fle Yeme\u011fi, (Azdavay il\u00e7esi Atl\u0131 Turizm Merkezi)<\/strong><\/td>\n<\/tr>\n<tr>\n<td width=\"18%\"><\/td>\n<td width=\"81%\"><strong>\u00a0<\/strong><\/td>\n<\/tr>\n<tr>\n<td width=\"18%\">16:00<\/td>\n<td width=\"81%\"><strong>Etkinlik sonu<\/strong><\/td>\n<\/tr>\n<\/tbody>\n<\/table>\n","protected":false},"excerpt":{"rendered":"<p>28 Nisan 2023 (Cuma &#8211; Salon A) 13:30-14:00 A\u00e7\u0131l\u0131\u015f Sayg\u0131 Duru\u015fu ve \u0130stiklal Mar\u015f\u0131 14:00-15:30 Oturum Ba\u015fkan\u0131: Dr. Yener YAZ\u011eAN Konferans Etkinli\u011fi; Prof. Dr. Bayram Ufuk \u015eAKUL (\u0130stanbul) Beynin Kullan\u0131m K\u0131lavuzu 15:30-16:00 Kahve \/ \u00c7ay Aras\u0131 16:00-17:00 Oturum Ba\u015fkan\u0131: Dr.<\/p>\n","protected":false},"author":1,"featured_media":0,"parent":0,"menu_order":0,"comment_status":"closed","ping_status":"closed","template":"","meta":{"footnotes":""},"class_list":["post-18","page","type-page","status-publish","hentry"],"_links":{"self":[{"href":"https:\/\/kastamonu2023.acnrg.com.tr\/index.php\/wp-json\/wp\/v2\/pages\/18","targetHints":{"allow":["GET"]}}],"collection":[{"href":"https:\/\/kastamonu2023.acnrg.com.tr\/index.php\/wp-json\/wp\/v2\/pages"}],"about":[{"href":"https:\/\/kastamonu2023.acnrg.com.tr\/index.php\/wp-json\/wp\/v2\/types\/page"}],"author":[{"embeddable":true,"href":"https:\/\/kastamonu2023.acnrg.com.tr\/index.php\/wp-json\/wp\/v2\/users\/1"}],"replies":[{"embeddable":true,"href":"https:\/\/kastamonu2023.acnrg.com.tr\/index.php\/wp-json\/wp\/v2\/comments?post=18"}],"version-history":[{"count":171,"href":"https:\/\/kastamonu2023.acnrg.com.tr\/index.php\/wp-json\/wp\/v2\/pages\/18\/revisions"}],"predecessor-version":[{"id":479,"href":"https:\/\/kastamonu2023.acnrg.com.tr\/index.php\/wp-json\/wp\/v2\/pages\/18\/revisions\/479"}],"wp:attachment":[{"href":"https:\/\/kastamonu2023.acnrg.com.tr\/index.php\/wp-json\/wp\/v2\/media?parent=18"}],"curies":[{"name":"wp","href":"https:\/\/api.w.org\/{rel}","templated":true}]}}