{"id":14,"date":"2023-02-01T22:24:13","date_gmt":"2023-02-01T19:24:13","guid":{"rendered":"https:\/\/kastamonu2023.acnrg.com.tr\/?page_id=14"},"modified":"2023-07-10T20:28:50","modified_gmt":"2023-07-10T17:28:50","slug":"ozet-bilgisi","status":"publish","type":"page","link":"https:\/\/kastamonu2023.acnrg.com.tr\/index.php\/ozet-bilgisi\/","title":{"rendered":"\u00d6ZET B\u0130LG\u0130S\u0130"},"content":{"rendered":"<p><strong>Sunum \u00f6zetlerine <a href=\"https:\/\/dergipark.org.tr\/tr\/pub\/jcnos\/issue\/78884\">buradan ula\u015fabilirsiniz.<\/a><\/strong><\/p>\n<p>Sempozyuma Son \u00d6zet G\u00f6nderim Tarihi <strong>20 Nisan 2023<\/strong>\u2018t\u00fcr!<br \/>\n\u00d6zetlerinizi form \u00fczerindeki dosya y\u00fckleyici vas\u0131tas\u0131yla g\u00f6nderebilirsiniz.<br \/>\nBir kat\u0131l\u0131m \u00fccretiyle, en fazla iki adet poster sunulabilir.<br \/>\nBilim kurulunun kabul\u00fc durumunda, bir kat\u0131l\u0131m \u00fccretiyle en fazla bir s\u00f6zl\u00fc sunum ve bir poster sunumu yapabilir.<br \/>\nDikkat Edilecek Hususlar<br \/>\n-\u00d6zetler ama\u00e7, materyal, metod, sonu\u00e7lar ve tart\u0131\u015fma k\u0131s\u0131mlar\u0131n\u0131 i\u00e7ermeli ve ikiy\u00fczelli kelimeyi ge\u00e7memelidir..<br \/>\n-Yaz\u0131 matbu formdaki \u00e7izgiler i\u00e7inde kalmal\u0131d\u0131r.<br \/>\n-Yaz\u0131 bilgisayar ile yaz\u0131lmal\u0131d\u0131r.<br \/>\n-Ba\u015fl\u0131k k\u00fc\u00e7\u00fck harfle yaz\u0131lacakt\u0131r.<br \/>\n-Soyad\u0131 ve ismin ba\u015f harfleri b\u00fcy\u00fck ve ba\u015fl\u0131\u011f\u0131n alt\u0131nda yer almal\u0131d\u0131r.<br \/>\n-Yazar\u0131n ait oldu\u011fu kurum bir sat\u0131r ara ile devam etmelidir.<br \/>\n-Bildirilerin ba\u015fvuru sayfas\u0131na uygun formatta g\u00f6nderilmesi \u00f6nem ta\u015f\u0131maktad\u0131r.<br \/>\n-\u00d6zetler bilim kurulu taraf\u0131ndan de\u011ferlendirilecektir.<\/p>\n<p>S\u00f6zl\u00fc sunumlar i\u00e7in sunum dili <strong>T\u00fcrk\u00e7edir.<\/strong><\/p>\n<p>Poster ve s\u00f6zl\u00fc sunum \u00f6zetlerinin (derginin yaz\u0131m kurallar\u0131) <strong>ingilizce<\/strong> olarak g\u00f6nderilmesi gerekmektedir. Sunum \u00f6zetleri uluslararas\u0131 hakemli dergi olan \u2018Journal of Cellular Neuroscience and Oxidative Stress dergisinde (<a href=\"https:\/\/dergipark.org.tr\/tr\/pub\/jcnos\">https:\/\/dergipark.org.tr\/tr\/pub\/jcnos<\/a>)\u2019 da bas\u0131lacakt\u0131r.<\/p>\n<p><strong>Poster Hakk\u0131nda Bilgiler<\/strong><br \/>\n-Poster \u00f6zetlerini son g\u00f6nderme tarihi: <strong>20 Nisan 2023<\/strong><strong>.<\/strong><br \/>\n-\u00d6zet formlar\u0131n\u0131n sempozyum kitap\u00e7\u0131\u011f\u0131nda yer alabilmesi i\u00e7in bildiri formlar\u0131n\u0131n eksiksiz doldurularak bir kopyas\u0131n\u0131n diskette sempozyum bilimsel sekreterli\u011fine g\u00f6nderilmesi gerekmektedir (Online \u00f6zet g\u00f6ndermeyenler i\u00e7in).<br \/>\n-Posterler 70 x 90 cm.boyutunda ve dikey as\u0131lmak \u00fczere haz\u0131rlanmal\u0131d\u0131r.<br \/>\n-Posterlerde; Ba\u015fl\u0131k, yazarlar\u0131n isimleri ve kurumlar\u0131 belirtilmelidir.<br \/>\n-\u00d6zetler ama\u00e7, materyal, metod, sonu\u00e7lar ve tart\u0131\u015fma k\u0131s\u0131mlar\u0131n\u0131 i\u00e7ermeli ve ikiy\u00fczelli kelimeyi ge\u00e7memelidir.<br \/>\n-Posterler sempozyum s\u00fcresince as\u0131l\u0131 kalacakt\u0131r.<br \/>\n-Poster asmak i\u00e7in gerekli malzemeler, poster salonlar\u0131nda mevcut olacakt\u0131r.<br \/>\n-Bildiri sahibinin e-mail adresi yaz\u0131lmal\u0131.<\/p>\n<p><a href=\"https:\/\/kastamonu2023.acnrg.com.tr\/wp-content\/uploads\/2023\/05\/abstractt.docx\">\u00d6rnek Bildiri \u00d6zeti i\u00e7in T\u0131klay\u0131n\u0131z\u2026<\/a><\/p>\n<p><strong>Kaynak Yaz\u0131m\u0131na \u00d6rnekler<\/strong><br \/>\n<strong>Makale kaynak yaz\u0131m \u00d6rne\u011fi:<\/strong><\/p>\n<p>Bird GS, DeHaven WI, Smyth JT, Putney JW Jr. (2008). Methods for studying store-operated calcium entry. Methods. 46:204-212.<\/p>\n<p><strong>Kitap Kaynak Yaz\u0131m \u00d6rne\u011fi:<\/strong><\/p>\n<p>Naz\u0131ro\u011flu M. (2007). Molecular Mechanisms of Vitamin E on Intracellular Signalling Pathways in Brain. In: Goth L, editor. Reactive Oxygen Species and Diseases, Research Signpost Press: Kerala, India. pp 239-256.<\/p>\n","protected":false},"excerpt":{"rendered":"<p>Sunum \u00f6zetlerine buradan ula\u015fabilirsiniz. Sempozyuma Son \u00d6zet G\u00f6nderim Tarihi 20 Nisan 2023\u2018t\u00fcr! \u00d6zetlerinizi form \u00fczerindeki dosya y\u00fckleyici vas\u0131tas\u0131yla g\u00f6nderebilirsiniz. Bir kat\u0131l\u0131m \u00fccretiyle, en fazla iki adet poster sunulabilir. Bilim kurulunun kabul\u00fc durumunda, bir kat\u0131l\u0131m \u00fccretiyle en fazla bir s\u00f6zl\u00fc sunum<\/p>\n","protected":false},"author":1,"featured_media":0,"parent":0,"menu_order":0,"comment_status":"closed","ping_status":"closed","template":"","meta":{"footnotes":""},"class_list":["post-14","page","type-page","status-publish","hentry"],"_links":{"self":[{"href":"https:\/\/kastamonu2023.acnrg.com.tr\/index.php\/wp-json\/wp\/v2\/pages\/14","targetHints":{"allow":["GET"]}}],"collection":[{"href":"https:\/\/kastamonu2023.acnrg.com.tr\/index.php\/wp-json\/wp\/v2\/pages"}],"about":[{"href":"https:\/\/kastamonu2023.acnrg.com.tr\/index.php\/wp-json\/wp\/v2\/types\/page"}],"author":[{"embeddable":true,"href":"https:\/\/kastamonu2023.acnrg.com.tr\/index.php\/wp-json\/wp\/v2\/users\/1"}],"replies":[{"embeddable":true,"href":"https:\/\/kastamonu2023.acnrg.com.tr\/index.php\/wp-json\/wp\/v2\/comments?post=14"}],"version-history":[{"count":11,"href":"https:\/\/kastamonu2023.acnrg.com.tr\/index.php\/wp-json\/wp\/v2\/pages\/14\/revisions"}],"predecessor-version":[{"id":491,"href":"https:\/\/kastamonu2023.acnrg.com.tr\/index.php\/wp-json\/wp\/v2\/pages\/14\/revisions\/491"}],"wp:attachment":[{"href":"https:\/\/kastamonu2023.acnrg.com.tr\/index.php\/wp-json\/wp\/v2\/media?parent=14"}],"curies":[{"name":"wp","href":"https:\/\/api.w.org\/{rel}","templated":true}]}}