{"id":10,"date":"2023-02-01T22:23:10","date_gmt":"2023-02-01T19:23:10","guid":{"rendered":"https:\/\/kastamonu2023.acnrg.com.tr\/?page_id=10"},"modified":"2023-07-10T20:28:04","modified_gmt":"2023-07-10T17:28:04","slug":"ana-sayfa","status":"publish","type":"page","link":"https:\/\/kastamonu2023.acnrg.com.tr\/","title":{"rendered":"ANA SAYFA"},"content":{"rendered":"<p><strong>Sunum \u00f6zetlerine <a href=\"https:\/\/dergipark.org.tr\/tr\/pub\/jcnos\/issue\/78884\">buradan ula\u015fabilirsiniz.<\/a><\/strong><\/p>\n\t<style>\n\t#sr-slider-171 .sr-image {\n\t  margin: 5px;\n\t}\n\t#sr-slider-171 .sr-image img {\n\t  display: block;\n\t  width: 100%;\n\t  height: auto;\n\t}\n\t#sr-slider-171 .sr-title {\n\t\ttext-align: center;\n\t\tfont-weight: bolder;\n\t}\n\t#sr-slider-171 .sr-desc {\n\t\ttext-align: center;\n\t}\n\t#sr-slider-171 .sr-image .sr-link {\n\t\ttext-align: center;\n\t}\n\t\t<\/style>\n\t\t<!-- HTML Script Part Start From Here-->\n\t<script>\n\tjQuery(document).ready(function() {\n\t   jQuery(\"#sr-slider-171\").owlCarousel({ \n\t\t\t\/\/ Most important owl features\n\t\t\titems : 1,\n\n\t\t\t\/\/Basic Speeds\n\t\t\tslideSpeed : 200,\n\t\t\tpaginationSpeed : 200,\n\t\t\trewindSpeed : 400,\n\n\t\t\t\/\/Autoplay\n\t\t\tautoPlay : true,\n\t\t \n\t\t\t\/\/ Navigation\n\t\t\tnavigation : false,\n\t\t\tnavigationText : [\"Prev\",\"Next\"],\n\t\t\trewindNav : true,\n\t \n\t\t\t\/\/ Responsive \n\t\t\tresponsive: true,\n\t\t\tresponsiveRefreshRate : 200,\n\t\t\tresponsiveBaseWidth: window,\n\t\t \n\t\t\t\/\/ CSS Styles\n\t\t\tbaseClass : \"owl-carousel\",\n\t\t\ttheme : \"owl-theme\",\n\t\t \n\t\t\t\/\/Auto height\n\t\t\tautoHeight : false,\n\t\t \n\t\t\t\/\/Mouse Events\n\t\t\tdragBeforeAnimFinish : true,\n\t\t\tmouseDrag : true,\n\t\t\ttouchDrag : true,\n\t\t \n\t\t\t\/\/Transitions\n\t\t\ttransitionStyle : \"fade\",\n\t\t});\n\t});\n\t<\/script>\n\t\t\t<div id=\"sr-slider-171\">\n\t\t\t\t\t\t\t\t<div class=\"sr-image\">\n\t\t\t\t\t\t\t\t\t\t\t\t\t<img decoding=\"async\" class=\"lazyOwl\" src=\"https:\/\/kastamonu2023.acnrg.com.tr\/wp-content\/uploads\/2023\/03\/s1.jpg\" alt=\"s1\">\n\t\t\t\t\t\t\t\t\t\t\t\t\n\t\t\t\t\t\t<!--Text Below Slide-->\n\t\t\t\t\t\t\t\t\t\t\t\t\n\t\t\t\t\t\t\t\t\t\t\t\t\n\t\t\t\t\t\t\t\t\t\t\t\t<!--Text Below Slide-->\n\t\t\t\t\t<\/div>\n\t\t\t\t\t\t\t\t\t\t<div class=\"sr-image\">\n\t\t\t\t\t\t\t\t\t\t\t\t\t<img decoding=\"async\" class=\"lazyOwl\" src=\"https:\/\/kastamonu2023.acnrg.com.tr\/wp-content\/uploads\/2023\/03\/s7.jpg\" alt=\"s7\">\n\t\t\t\t\t\t\t\t\t\t\t\t\n\t\t\t\t\t\t<!--Text Below Slide-->\n\t\t\t\t\t\t\t\t\t\t\t\t\n\t\t\t\t\t\t\t\t\t\t\t\t\n\t\t\t\t\t\t\t\t\t\t\t\t<!--Text Below Slide-->\n\t\t\t\t\t<\/div>\n\t\t\t\t\t\t\t\t\t\t<div class=\"sr-image\">\n\t\t\t\t\t\t\t\t\t\t\t\t\t<img decoding=\"async\" class=\"lazyOwl\" src=\"https:\/\/kastamonu2023.acnrg.com.tr\/wp-content\/uploads\/2023\/03\/s2.jpg\" alt=\"s2\">\n\t\t\t\t\t\t\t\t\t\t\t\t\n\t\t\t\t\t\t<!--Text Below Slide-->\n\t\t\t\t\t\t\t\t\t\t\t\t\n\t\t\t\t\t\t\t\t\t\t\t\t\n\t\t\t\t\t\t\t\t\t\t\t\t<!--Text Below Slide-->\n\t\t\t\t\t<\/div>\n\t\t\t\t\t\t\t\t\t\t<div class=\"sr-image\">\n\t\t\t\t\t\t\t\t\t\t\t\t\t<img decoding=\"async\" class=\"lazyOwl\" src=\"https:\/\/kastamonu2023.acnrg.com.tr\/wp-content\/uploads\/2023\/03\/s01.jpg\" alt=\"s01\">\n\t\t\t\t\t\t\t\t\t\t\t\t\n\t\t\t\t\t\t<!--Text Below Slide-->\n\t\t\t\t\t\t\t\t\t\t\t\t\n\t\t\t\t\t\t\t\t\t\t\t\t\n\t\t\t\t\t\t\t\t\t\t\t\t<!--Text Below Slide-->\n\t\t\t\t\t<\/div>\n\t\t\t\t\t\t\t\t\t\t<div class=\"sr-image\">\n\t\t\t\t\t\t\t\t\t\t\t\t\t<img decoding=\"async\" class=\"lazyOwl\" src=\"https:\/\/kastamonu2023.acnrg.com.tr\/wp-content\/uploads\/2023\/03\/s6.jpg\" alt=\"s6\">\n\t\t\t\t\t\t\t\t\t\t\t\t\n\t\t\t\t\t\t<!--Text Below Slide-->\n\t\t\t\t\t\t\t\t\t\t\t\t\n\t\t\t\t\t\t\t\t\t\t\t\t\n\t\t\t\t\t\t\t\t\t\t\t\t<!--Text Below Slide-->\n\t\t\t\t\t<\/div>\n\t\t\t\t\t\t\t\t\t\t<div class=\"sr-image\">\n\t\t\t\t\t\t\t\t\t\t\t\t\t<img decoding=\"async\" class=\"lazyOwl\" src=\"https:\/\/kastamonu2023.acnrg.com.tr\/wp-content\/uploads\/2023\/03\/s4.jpg\" alt=\"s4\">\n\t\t\t\t\t\t\t\t\t\t\t\t\n\t\t\t\t\t\t<!--Text Below Slide-->\n\t\t\t\t\t\t\t\t\t\t\t\t\n\t\t\t\t\t\t\t\t\t\t\t\t\n\t\t\t\t\t\t\t\t\t\t\t\t<!--Text Below Slide-->\n\t\t\t\t\t<\/div>\n\t\t\t\t\t\t\t\t\t\t<div class=\"sr-image\">\n\t\t\t\t\t\t\t\t\t\t\t\t\t<img decoding=\"async\" class=\"lazyOwl\" src=\"https:\/\/kastamonu2023.acnrg.com.tr\/wp-content\/uploads\/2023\/03\/s5.jpg\" alt=\"s5\">\n\t\t\t\t\t\t\t\t\t\t\t\t\n\t\t\t\t\t\t<!--Text Below Slide-->\n\t\t\t\t\t\t\t\t\t\t\t\t\n\t\t\t\t\t\t\t\t\t\t\t\t\n\t\t\t\t\t\t\t\t\t\t\t\t<!--Text Below Slide-->\n\t\t\t\t\t<\/div>\n\t\t\t\t\t\t\t<\/div>\n\t\t\n<p>De\u011ferli Bilim \u0130nsan\u0131;<\/p>\n<p>10. H\u00fccresel Sinir Bilim G\u00fcnleri ba\u015fl\u0131kl\u0131 sempozyum 28-30 Nisan 2023 tarihleri aras\u0131nda Kastamonu \u00dcniversitesi b\u00fcnyesinde Sezai Karako\u00e7 Konferans Salonunda d\u00fczenlenecektir. Bu sempozyumu d\u00fczenleme karar\u0131m\u0131z\u0131n al\u0131nmas\u0131nda, birincisi \u0130stanbul Medipol, ikincisi Konya Sel\u00e7uk, \u00fc\u00e7\u00fcnc\u00fcs\u00fc Samsun Ondokuzmay\u0131s, d\u00f6rd\u00fcnc\u00fcs\u00fc Erzurum Atat\u00fcrk, be\u015fincisi Isparta S\u00fcleyman Demirel, alt\u0131nc\u0131s\u0131 Gaziantep, yedincisi Van Y\u00fcz\u00fcnc\u00fc Y\u0131l, sekizincisi Sakarya ve dokuzuncusu \u0130stanbul Medipol \u00dcniversitesinde yap\u0131lan H\u00fccresel Sinir Bilim G\u00fcnleri toplant\u0131lar\u0131na g\u00f6sterilen ilginin b\u00fcy\u00fck bir katk\u0131s\u0131 olmu\u015ftur.<\/p>\n<p>Sempozyum farkl\u0131 disiplinlerdeki (T\u0131p, Di\u015f Hekimli\u011fi, Veterinerlik, M\u00fchendislik ve Biyoloji gibi &#8230;) sinir bilimleri alan\u0131nda \u00e7al\u0131\u015fan ara\u015ft\u0131rmac\u0131lara a\u00e7\u0131kt\u0131r. Bu sempozyumda, deney hayvanlar\u0131ndan elde edilen n\u00f6rolojik h\u00fccrelerde yap\u0131lmas\u0131 m\u00fcmk\u00fcn olan analizler, deney hayvanlar\u0131nda olu\u015fturulan epilepsi, parkinson, alzheimer ve MS gibi n\u00f6rolojik hastal\u0131k modelleri konular\u0131da i\u015flenecektir. Ayr\u0131ca, insanlarda g\u00f6zlenen n\u00f6rolojik hastal\u0131lar\u0131n etiyolojisinde rol oynayan molek\u00fcler ve h\u00fccresel mekanizmalarda sempozyum kapsam\u0131 i\u00e7erisinde de\u011ferlendirilecektir.<\/p>\n<p><strong>Sempozyumda yap\u0131lacak s\u00f6zl\u00fc sunumlar do\u00e7entlik ba\u015fvuru kriterlerinden ulusal s\u00f6zl\u00fc sunum \u015fartlar\u0131n\u0131 sa\u011flamaktad\u0131r.<\/strong><\/p>\n<p>Sunulan poster ve s\u00f6zl\u00fc sunum \u00f6zetleri, Scopus ve Google Scholar gibi indeksler taraf\u0131ndan taranan uluslararas\u0131 hakemli dergi \u2018Journal of Cellular Neuroscience and Oxidative Stress dergisinde (<a href=\"https:\/\/dergipark.org.tr\/tr\/pub\/jcnos\">https:\/\/dergipark.org.tr\/tr\/pub\/jcnos<\/a>)\u2019 bas\u0131lacakt\u0131r.<\/p>\n<p>28 &#8211; 30 Nisan 2023 tarihleri aras\u0131nda siz de\u011ferli bilim insanlar\u0131n\u0131 Kastamonu\u2019da a\u011f\u0131rlamaktan b\u00fcy\u00fck bir mutluluk ve onur duyaca\u011f\u0131m\u0131z\u0131 belirtir, \u00e7al\u0131\u015fmalar\u0131n\u0131zda ba\u015far\u0131lar dileriz.<\/p>\n<p>Sayg\u0131lar\u0131m\u0131zla&#8230;<\/p>\n<p>Sempozyum D\u00fczenleme Kurulu<\/p>\n<p>&nbsp;<\/p>\n<div id='gallery-1' class='gallery galleryid-171 gallery-columns-1 gallery-size-large'><figure class='gallery-item'>\n\t\t\t<div class='gallery-icon portrait'>\n\t\t\t\t<a href='https:\/\/kastamonu2023.acnrg.com.tr\/wp-content\/uploads\/2023\/03\/ACNRG-P2ww.jpg'><img loading=\"lazy\" decoding=\"async\" width=\"720\" height=\"1020\" src=\"https:\/\/kastamonu2023.acnrg.com.tr\/wp-content\/uploads\/2023\/03\/ACNRG-P2ww-723x1024.jpg\" class=\"attachment-large size-large\" alt=\"\" srcset=\"https:\/\/kastamonu2023.acnrg.com.tr\/wp-content\/uploads\/2023\/03\/ACNRG-P2ww-723x1024.jpg 723w, https:\/\/kastamonu2023.acnrg.com.tr\/wp-content\/uploads\/2023\/03\/ACNRG-P2ww-212x300.jpg 212w, https:\/\/kastamonu2023.acnrg.com.tr\/wp-content\/uploads\/2023\/03\/ACNRG-P2ww-768x1088.jpg 768w, https:\/\/kastamonu2023.acnrg.com.tr\/wp-content\/uploads\/2023\/03\/ACNRG-P2ww-1084x1536.jpg 1084w, https:\/\/kastamonu2023.acnrg.com.tr\/wp-content\/uploads\/2023\/03\/ACNRG-P2ww-1446x2048.jpg 1446w, https:\/\/kastamonu2023.acnrg.com.tr\/wp-content\/uploads\/2023\/03\/ACNRG-P2ww.jpg 1700w\" sizes=\"auto, (max-width: 720px) 100vw, 720px\" \/><\/a>\n\t\t\t<\/div><\/figure>\n\t\t<\/div>\n\n","protected":false},"excerpt":{"rendered":"<p>Sunum \u00f6zetlerine buradan ula\u015fabilirsiniz. De\u011ferli Bilim \u0130nsan\u0131; 10. H\u00fccresel Sinir Bilim G\u00fcnleri ba\u015fl\u0131kl\u0131 sempozyum 28-30 Nisan 2023 tarihleri aras\u0131nda Kastamonu \u00dcniversitesi b\u00fcnyesinde Sezai Karako\u00e7 Konferans Salonunda d\u00fczenlenecektir. Bu sempozyumu d\u00fczenleme karar\u0131m\u0131z\u0131n al\u0131nmas\u0131nda, birincisi \u0130stanbul Medipol, ikincisi Konya Sel\u00e7uk, \u00fc\u00e7\u00fcnc\u00fcs\u00fc Samsun<\/p>\n","protected":false},"author":1,"featured_media":0,"parent":0,"menu_order":0,"comment_status":"closed","ping_status":"closed","template":"","meta":{"footnotes":""},"class_list":["post-10","page","type-page","status-publish","hentry"],"_links":{"self":[{"href":"https:\/\/kastamonu2023.acnrg.com.tr\/index.php\/wp-json\/wp\/v2\/pages\/10","targetHints":{"allow":["GET"]}}],"collection":[{"href":"https:\/\/kastamonu2023.acnrg.com.tr\/index.php\/wp-json\/wp\/v2\/pages"}],"about":[{"href":"https:\/\/kastamonu2023.acnrg.com.tr\/index.php\/wp-json\/wp\/v2\/types\/page"}],"author":[{"embeddable":true,"href":"https:\/\/kastamonu2023.acnrg.com.tr\/index.php\/wp-json\/wp\/v2\/users\/1"}],"replies":[{"embeddable":true,"href":"https:\/\/kastamonu2023.acnrg.com.tr\/index.php\/wp-json\/wp\/v2\/comments?post=10"}],"version-history":[{"count":22,"href":"https:\/\/kastamonu2023.acnrg.com.tr\/index.php\/wp-json\/wp\/v2\/pages\/10\/revisions"}],"predecessor-version":[{"id":490,"href":"https:\/\/kastamonu2023.acnrg.com.tr\/index.php\/wp-json\/wp\/v2\/pages\/10\/revisions\/490"}],"wp:attachment":[{"href":"https:\/\/kastamonu2023.acnrg.com.tr\/index.php\/wp-json\/wp\/v2\/media?parent=10"}],"curies":[{"name":"wp","href":"https:\/\/api.w.org\/{rel}","templated":true}]}}